{"id":2,"date":"2025-09-17T15:03:49","date_gmt":"2025-09-17T15:03:49","guid":{"rendered":"http:\/\/hg.cambia-marketing.it\/?page_id=2"},"modified":"2026-05-12T10:56:38","modified_gmt":"2026-05-12T10:56:38","slug":"home","status":"publish","type":"page","link":"https:\/\/valgranda.italianhotelgroup.it\/en\/","title":{"rendered":"Home"},"content":{"rendered":"<div data-elementor-type=\"wp-page\" data-elementor-id=\"2\" class=\"elementor elementor-2\" data-elementor-post-type=\"page\">\n\t\t\t\t<div class=\"elementor-element elementor-element-e27533c e-con-full header e-flex e-con e-parent\" data-id=\"e27533c\" data-element_type=\"container\" data-settings=\"{&quot;background_background&quot;:&quot;classic&quot;,&quot;sticky&quot;:&quot;top&quot;,&quot;sticky_effects_offset&quot;:20,&quot;sticky_on&quot;:[&quot;desktop&quot;,&quot;tablet&quot;,&quot;mobile&quot;],&quot;sticky_offset&quot;:0,&quot;sticky_anchor_link_offset&quot;:0}\">\n\t\t<div class=\"elementor-element elementor-element-f573d67 e-con-full e-flex e-con e-child\" data-id=\"f573d67\" data-element_type=\"container\" data-settings=\"{&quot;sticky&quot;:&quot;top&quot;,&quot;sticky_on&quot;:[&quot;desktop&quot;,&quot;tablet&quot;,&quot;mobile&quot;],&quot;sticky_offset&quot;:0,&quot;sticky_effects_offset&quot;:0,&quot;sticky_anchor_link_offset&quot;:0}\">\n\t\t<div class=\"elementor-element elementor-element-c77e91a e-con-full e-flex e-con e-child\" data-id=\"c77e91a\" data-element_type=\"container\">\n\t\t\t\t<div class=\"elementor-element elementor-element-4a3d72f elementor-view-default elementor-widget elementor-widget-icon\" data-id=\"4a3d72f\" data-element_type=\"widget\" data-widget_type=\"icon.default\">\n\t\t\t\t\t\t\t<div class=\"elementor-icon-wrapper\">\n\t\t\t<a class=\"elementor-icon\" href=\"#elementor-action%3Aaction%3Dpopup%3Aopen%26settings%3DeyJpZCI6IjI5NjciLCJ0b2dnbGUiOmZhbHNlfQ%3D%3D\">\n\t\t\t<svg xmlns=\"http:\/\/www.w3.org\/2000\/svg\" width=\"37.448\" height=\"16.179\" viewbox=\"0 0 37.448 16.179\"><g transform=\"translate(1 1)\"><line x1=\"31\" fill=\"none\" stroke=\"#fff\" stroke-linecap=\"round\" stroke-width=\"2\"><\/line><line x1=\"30.614\" transform=\"translate(0 14.179)\" fill=\"none\" stroke=\"#fff\" stroke-linecap=\"round\" stroke-width=\"2\"><\/line><line x1=\"25.78\" transform=\"translate(9.668 7.09)\" fill=\"none\" stroke=\"#fff\" stroke-linecap=\"round\" stroke-width=\"2\"><\/line><\/g><\/svg>\t\t\t<\/a>\n\t\t<\/div>\n\t\t\t\t\t\t<\/div>\n\t\t\t\t<div class=\"elementor-element elementor-element-5fcc333 elementor-align-right pulsante elementor-widget elementor-widget-button\" data-id=\"5fcc333\" data-element_type=\"widget\" data-widget_type=\"button.default\">\n\t\t\t\t\t\t\t\t\t\t<a class=\"elementor-button elementor-button-link elementor-size-sm\" href=\"https:\/\/italianhotelgroup.it\/fidelity\" target=\"_blank\" id=\"pulsante\">\n\t\t\t\t\t\t<span class=\"elementor-button-content-wrapper\">\n\t\t\t\t\t\t\t\t\t<span class=\"elementor-button-text\"><img decoding=\"async\" class=\"stella\" src=\"https:\/\/italianhotelgroup.it\/wp-content\/uploads\/2025\/10\/pencil.svg\" alt=\"Freccia blu\">  Subscribe to Hg Traveller<\/span>\n\t\t\t\t\t<\/span>\n\t\t\t\t\t<\/a>\n\t\t\t\t\t\t\t\t<\/div>\n\t\t\t\t<\/div>\n\t\t<div class=\"elementor-element elementor-element-2c86ac9 e-con-full elementor-hidden-mobile e-flex e-con e-child\" data-id=\"2c86ac9\" data-element_type=\"container\">\n\t\t\t\t<div class=\"elementor-element elementor-element-efd945f elementor-nav-menu--dropdown-none elementor-hidden-desktop elementor-hidden-tablet elementor-hidden-mobile elementor-widget elementor-widget-nav-menu\" data-id=\"efd945f\" data-element_type=\"widget\" data-settings=\"{&quot;layout&quot;:&quot;horizontal&quot;,&quot;submenu_icon&quot;:{&quot;value&quot;:&quot;&lt;svg aria-hidden=\\&quot;true\\&quot; class=\\&quot;e-font-icon-svg e-fas-caret-down\\&quot; viewBox=\\&quot;0 0 320 512\\&quot; xmlns=\\&quot;http:\\\/\\\/www.w3.org\\\/2000\\\/svg\\&quot;&gt;&lt;path d=\\&quot;M31.3 192h257.3c17.8 0 26.7 21.5 14.1 34.1L174.1 354.8c-7.8 7.8-20.5 7.8-28.3 0L17.2 226.1C4.6 213.5 13.5 192 31.3 192z\\&quot;&gt;&lt;\\\/path&gt;&lt;\\\/svg&gt;&quot;,&quot;library&quot;:&quot;fa-solid&quot;}}\" data-widget_type=\"nav-menu.default\">\n\t\t\t\t\t\t\t\t<nav aria-label=\"Menu\" class=\"elementor-nav-menu--main elementor-nav-menu__container elementor-nav-menu--layout-horizontal e--pointer-none\">\n\t\t\t\t<ul id=\"menu-1-efd945f\" class=\"elementor-nav-menu\"><li class=\"trp-language-switcher-container trp-menu-ls-item trp-menu-ls-desktop current-language-menu-item menu-item menu-item-type-post_type menu-item-object-language_switcher menu-item-1623\"><a href=\"https:\/\/valgranda.italianhotelgroup.it\/en\/wp-json\/wp\/v2\/pages\/2\" class=\"elementor-item elementor-item-anchor\"><span class=\"trp-menu-ls-label\" data-no-translation title=\"English (UK)\"><span class=\"trp-ls-language-name\">English (UK)<\/span><\/span><\/a><\/li>\n<li class=\"trp-language-switcher-container trp-menu-ls-item trp-menu-ls-desktop current-language-menu-item menu-item menu-item-type-post_type menu-item-object-language_switcher menu-item-1624\"><a href=\"https:\/\/valgranda.italianhotelgroup.it\/en\/wp-json\/wp\/v2\/pages\/2\" class=\"elementor-item elementor-item-anchor\"><span class=\"trp-menu-ls-label\" data-no-translation title=\"Italiano\"><span class=\"trp-ls-language-name\">Italiano<\/span><\/span><\/a><\/li>\n<\/ul>\t\t\t<\/nav>\n\t\t\t\t\t\t<nav class=\"elementor-nav-menu--dropdown elementor-nav-menu__container\" aria-hidden=\"true\">\n\t\t\t\t<ul id=\"menu-2-efd945f\" class=\"elementor-nav-menu\"><li class=\"trp-language-switcher-container trp-menu-ls-item trp-menu-ls-desktop current-language-menu-item menu-item menu-item-type-post_type menu-item-object-language_switcher menu-item-1623\"><a href=\"https:\/\/valgranda.italianhotelgroup.it\/en\/wp-json\/wp\/v2\/pages\/2\" class=\"elementor-item elementor-item-anchor\" tabindex=\"-1\"><span class=\"trp-menu-ls-label\" data-no-translation title=\"English (UK)\"><span class=\"trp-ls-language-name\">English (UK)<\/span><\/span><\/a><\/li>\n<li class=\"trp-language-switcher-container trp-menu-ls-item trp-menu-ls-desktop current-language-menu-item menu-item menu-item-type-post_type menu-item-object-language_switcher menu-item-1624\"><a href=\"https:\/\/valgranda.italianhotelgroup.it\/en\/wp-json\/wp\/v2\/pages\/2\" class=\"elementor-item elementor-item-anchor\" tabindex=\"-1\"><span class=\"trp-menu-ls-label\" data-no-translation title=\"Italiano\"><span class=\"trp-ls-language-name\">Italiano<\/span><\/span><\/a><\/li>\n<\/ul>\t\t\t<\/nav>\n\t\t\t\t\t\t<\/div>\n\t\t\t\t<div class=\"elementor-element elementor-element-ad0ad4d elementor-align-right pulsante elementor-widget elementor-widget-button\" data-id=\"ad0ad4d\" data-element_type=\"widget\" data-widget_type=\"button.default\">\n\t\t\t\t\t\t\t\t\t\t<a class=\"elementor-button elementor-button-link elementor-size-sm\" href=\"\/en\/contatti\/#form\" target=\"_blank\" id=\"pulsante\">\n\t\t\t\t\t\t<span class=\"elementor-button-content-wrapper\">\n\t\t\t\t\t\t<span class=\"elementor-button-icon\">\n\t\t\t\t<svg xmlns=\"http:\/\/www.w3.org\/2000\/svg\" width=\"13.043\" height=\"12.209\" viewbox=\"0 0 13.043 12.209\"><g transform=\"translate(-7.25 21.154) rotate(-90)\"><g transform=\"translate(10 8)\"><path d=\"M24,19.543V8\" transform=\"translate(-18.95 -8)\" fill=\"none\" stroke=\"#315442\" stroke-linecap=\"round\" stroke-linejoin=\"round\" stroke-width=\"1.5\"><\/path><path d=\"M10,26l5.05,4.052L20.1,26\" transform=\"translate(-10 -18.509)\" fill=\"none\" stroke=\"#315442\" stroke-linecap=\"round\" stroke-linejoin=\"round\" stroke-width=\"1.5\"><\/path><\/g><\/g><\/svg>\t\t\t<\/span>\n\t\t\t\t\t\t\t\t\t<span class=\"elementor-button-text\">Request a Quote<\/span>\n\t\t\t\t\t<\/span>\n\t\t\t\t\t<\/a>\n\t\t\t\t\t\t\t\t<\/div>\n\t\t\t\t<div class=\"elementor-element elementor-element-f293dbd elementor-align-right pulsante elementor-widget elementor-widget-button\" data-id=\"f293dbd\" data-element_type=\"widget\" data-widget_type=\"button.default\">\n\t\t\t\t\t\t\t\t\t\t<a class=\"elementor-button elementor-button-link elementor-size-sm\" href=\"https:\/\/hghotellacaminathaexperience.praenoto.it\/it\/booking-engine?l=it&#038;book-now=true&#038;date-period=21+set+2025+-+22+set+2025&#038;fdate=2025-09-21&#038;tdate=2025-09-22&#038;ad=2&#038;ch=0\" target=\"_blank\" id=\"pulsante\" rel=\"noopener\">\n\t\t\t\t\t\t<span class=\"elementor-button-content-wrapper\">\n\t\t\t\t\t\t<span class=\"elementor-button-icon\">\n\t\t\t\t<svg xmlns=\"http:\/\/www.w3.org\/2000\/svg\" width=\"13.043\" height=\"12.209\" viewbox=\"0 0 13.043 12.209\"><g transform=\"translate(-7.25 21.154) rotate(-90)\"><g transform=\"translate(10 8)\"><path d=\"M24,19.543V8\" transform=\"translate(-18.95 -8)\" fill=\"none\" stroke=\"#315442\" stroke-linecap=\"round\" stroke-linejoin=\"round\" stroke-width=\"1.5\"><\/path><path d=\"M10,26l5.05,4.052L20.1,26\" transform=\"translate(-10 -18.509)\" fill=\"none\" stroke=\"#315442\" stroke-linecap=\"round\" stroke-linejoin=\"round\" stroke-width=\"1.5\"><\/path><\/g><\/g><\/svg>\t\t\t<\/span>\n\t\t\t\t\t\t\t\t\t<span class=\"elementor-button-text\">Book Now<\/span>\n\t\t\t\t\t<\/span>\n\t\t\t\t\t<\/a>\n\t\t\t\t\t\t\t\t<\/div>\n\t\t\t\t<\/div>\n\t\t\t\t<\/div>\n\t\t\t\t<\/div>\n\t\t<div class=\"elementor-element elementor-element-745e47c e-con-full elementor-section elementor-hidden-tablet elementor-hidden-mobile e-flex e-con e-parent\" data-id=\"745e47c\" data-element_type=\"container\">\n\t\t\t\t<div class=\"elementor-element elementor-element-a6bb73c elementor-widget__width-auto elementor-absolute elementor-widget elementor-widget-image\" data-id=\"a6bb73c\" data-element_type=\"widget\" data-settings=\"{&quot;_position&quot;:&quot;absolute&quot;}\" data-widget_type=\"image.default\">\n\t\t\t\t\t\t\t\t\t\t\t\t\t\t\t<img fetchpriority=\"high\" decoding=\"async\" width=\"469\" height=\"321\" src=\"https:\/\/valgranda.italianhotelgroup.it\/wp-content\/uploads\/2026\/05\/Logo_Hotel-Valgranda-bianco.svg\" class=\"attachment-large size-large wp-image-4730\" alt=\"\" \/>\t\t\t\t\t\t\t\t\t\t\t\t\t\t\t<\/div>\n\t\t<div class=\"make-column-clickable-elementor elementor-element elementor-element-84816ca e-con-full elementor-column e-flex e-con e-child\" style=\"cursor: pointer;\" data-column-clickable=\"\/estate-inverno\" data-column-clickable-blank=\"_self\" data-id=\"84816ca\" data-element_type=\"container\" data-settings=\"{&quot;background_background&quot;:&quot;classic&quot;}\">\n\t\t<div class=\"elementor-element elementor-element-86ba174 e-con-full e-flex e-con e-child\" data-id=\"86ba174\" data-element_type=\"container\" data-settings=\"{&quot;background_background&quot;:&quot;classic&quot;}\">\n\t\t<div class=\"make-column-clickable-elementor elementor-element elementor-element-5407e6a e-con-full e-flex e-con e-child\" style=\"cursor: pointer;\" data-column-clickable=\"https:\/\/valgranda.italianhotelgroup.it\/estate-inverno\/?season=winter\" data-column-clickable-blank=\"_self\" data-id=\"5407e6a\" data-element_type=\"container\" data-settings=\"{&quot;background_background&quot;:&quot;classic&quot;}\">\n\t\t\t\t<div class=\"elementor-element elementor-element-0372b15 elementor-hidden-desktop elementor-hidden-tablet elementor-hidden-mobile elementor-widget elementor-widget-heading\" data-id=\"0372b15\" data-element_type=\"widget\" data-widget_type=\"heading.default\">\n\t\t\t\t\t<h1 class=\"elementor-heading-title elementor-size-default\">La Caminatha Experience<\/h1>\t\t\t\t<\/div>\n\t\t\t\t<div class=\"elementor-element elementor-element-8ee8cab elementor-widget elementor-widget-heading\" data-id=\"8ee8cab\" data-element_type=\"widget\" data-widget_type=\"heading.default\">\n\t\t\t\t\t<h2 class=\"elementor-heading-title elementor-size-default\">Winter<\/h2>\t\t\t\t<\/div>\n\t\t\t\t<div class=\"elementor-element elementor-element-f9fec64 elementor-align-center pulsante elementor-widget elementor-widget-button\" data-id=\"f9fec64\" data-element_type=\"widget\" data-widget_type=\"button.default\">\n\t\t\t\t\t\t\t\t\t\t<a class=\"elementor-button elementor-button-link elementor-size-sm\" href=\"https:\/\/valgranda.italianhotelgroup.it\/en\/estate-inverno\/?season=winter\">\n\t\t\t\t\t\t<span class=\"elementor-button-content-wrapper\">\n\t\t\t\t\t\t<span class=\"elementor-button-icon\">\n\t\t\t\t<svg xmlns=\"http:\/\/www.w3.org\/2000\/svg\" width=\"13.043\" height=\"12.209\" viewbox=\"0 0 13.043 12.209\"><g transform=\"translate(-7.25 21.154) rotate(-90)\"><g transform=\"translate(10 8)\"><path d=\"M24,19.543V8\" transform=\"translate(-18.95 -8)\" fill=\"none\" stroke=\"#fff\" stroke-linecap=\"round\" stroke-linejoin=\"round\" stroke-width=\"1.5\"><\/path><path d=\"M10,26l5.05,4.052L20.1,26\" transform=\"translate(-10 -18.509)\" fill=\"none\" stroke=\"#fff\" stroke-linecap=\"round\" stroke-linejoin=\"round\" stroke-width=\"1.5\"><\/path><\/g><\/g><\/svg>\t\t\t<\/span>\n\t\t\t\t\t\t\t\t\t<span class=\"elementor-button-text\">Discover more<\/span>\n\t\t\t\t\t<\/span>\n\t\t\t\t\t<\/a>\n\t\t\t\t\t\t\t\t<\/div>\n\t\t\t\t<\/div>\n\t\t\t\t<\/div>\n\t\t\t\t<\/div>\n\t\t<div class=\"make-column-clickable-elementor elementor-element elementor-element-434f286 e-con-full elementor-column e-flex e-con e-child\" style=\"cursor: pointer;\" data-column-clickable=\"\/estate\" data-column-clickable-blank=\"_self\" data-id=\"434f286\" data-element_type=\"container\">\n\t\t<div class=\"elementor-element elementor-element-4ec4d7e e-con-full e-flex e-con e-child\" data-id=\"4ec4d7e\" data-element_type=\"container\" data-settings=\"{&quot;background_background&quot;:&quot;classic&quot;}\">\n\t\t<div class=\"elementor-element elementor-element-cc35cd8 e-con-full e-flex e-con e-child\" data-id=\"cc35cd8\" data-element_type=\"container\" data-settings=\"{&quot;background_background&quot;:&quot;classic&quot;}\">\n\t\t\t\t<div class=\"elementor-element elementor-element-e199bac titolo elementor-widget elementor-widget-heading\" data-id=\"e199bac\" data-element_type=\"widget\" data-widget_type=\"heading.default\">\n\t\t\t\t\t<h2 class=\"elementor-heading-title elementor-size-default\">Summer<\/h2>\t\t\t\t<\/div>\n\t\t\t\t<div class=\"elementor-element elementor-element-b299a93 elementor-align-center pulsante elementor-widget elementor-widget-button\" data-id=\"b299a93\" data-element_type=\"widget\" data-widget_type=\"button.default\">\n\t\t\t\t\t\t\t\t\t\t<a class=\"elementor-button elementor-button-link elementor-size-sm\" href=\"https:\/\/valgranda.italianhotelgroup.it\/en\/estate-inverno\/?season=summer\">\n\t\t\t\t\t\t<span class=\"elementor-button-content-wrapper\">\n\t\t\t\t\t\t<span class=\"elementor-button-icon\">\n\t\t\t\t<svg xmlns=\"http:\/\/www.w3.org\/2000\/svg\" width=\"13.043\" height=\"12.209\" viewbox=\"0 0 13.043 12.209\"><g transform=\"translate(-7.25 21.154) rotate(-90)\"><g transform=\"translate(10 8)\"><path d=\"M24,19.543V8\" transform=\"translate(-18.95 -8)\" fill=\"none\" stroke=\"#fff\" stroke-linecap=\"round\" stroke-linejoin=\"round\" stroke-width=\"1.5\"><\/path><path d=\"M10,26l5.05,4.052L20.1,26\" transform=\"translate(-10 -18.509)\" fill=\"none\" stroke=\"#fff\" stroke-linecap=\"round\" stroke-linejoin=\"round\" stroke-width=\"1.5\"><\/path><\/g><\/g><\/svg>\t\t\t<\/span>\n\t\t\t\t\t\t\t\t\t<span class=\"elementor-button-text\">Discover more<\/span>\n\t\t\t\t\t<\/span>\n\t\t\t\t\t<\/a>\n\t\t\t\t\t\t\t\t<\/div>\n\t\t\t\t<\/div>\n\t\t\t\t<\/div>\n\t\t\t\t<\/div>\n\t\t\t\t<\/div>\n\t\t<div class=\"elementor-element elementor-element-ebef413 e-con-full elementor-section elementor-hidden-desktop e-flex e-con e-parent\" data-id=\"ebef413\" data-element_type=\"container\">\n\t\t\t\t<div class=\"elementor-element elementor-element-24cd91f elementor-widget__width-auto elementor-absolute elementor-widget elementor-widget-image\" data-id=\"24cd91f\" data-element_type=\"widget\" data-settings=\"{&quot;_position&quot;:&quot;absolute&quot;}\" data-widget_type=\"image.default\">\n\t\t\t\t\t\t\t\t\t\t\t\t\t\t\t<img fetchpriority=\"high\" decoding=\"async\" width=\"469\" height=\"321\" src=\"https:\/\/valgranda.italianhotelgroup.it\/wp-content\/uploads\/2026\/05\/Logo_Hotel-Valgranda-bianco.svg\" class=\"attachment-large size-large wp-image-4730\" alt=\"\" \/>\t\t\t\t\t\t\t\t\t\t\t\t\t\t\t<\/div>\n\t\t<div class=\"elementor-element elementor-element-bea70ce e-con-full e-flex e-con e-child\" data-id=\"bea70ce\" data-element_type=\"container\">\n\t\t<div class=\"elementor-element elementor-element-7c79a5c e-con-full e-flex e-con e-child\" data-id=\"7c79a5c\" data-element_type=\"container\" data-settings=\"{&quot;background_background&quot;:&quot;classic&quot;}\">\n\t\t<div class=\"elementor-element elementor-element-6485654 e-con-full cornice e-flex e-con e-child\" data-id=\"6485654\" data-element_type=\"container\" data-settings=\"{&quot;background_background&quot;:&quot;classic&quot;}\">\n\t\t\t\t<div class=\"elementor-element elementor-element-aca4c16 elementor-widget elementor-widget-heading\" data-id=\"aca4c16\" data-element_type=\"widget\" data-widget_type=\"heading.default\">\n\t\t\t\t\t<h2 class=\"elementor-heading-title elementor-size-default\">Winter<\/h2>\t\t\t\t<\/div>\n\t\t\t\t<div class=\"elementor-element elementor-element-66c13f5 elementor-align-center elementor-widget elementor-widget-button\" data-id=\"66c13f5\" data-element_type=\"widget\" data-widget_type=\"button.default\">\n\t\t\t\t\t\t\t\t\t\t<a class=\"elementor-button elementor-button-link elementor-size-sm\" href=\"\/en\/estate-inverno\/?season=winter\">\n\t\t\t\t\t\t<span class=\"elementor-button-content-wrapper\">\n\t\t\t\t\t\t\t\t\t<span class=\"elementor-button-text\">Discover more<\/span>\n\t\t\t\t\t<\/span>\n\t\t\t\t\t<\/a>\n\t\t\t\t\t\t\t\t<\/div>\n\t\t\t\t<\/div>\n\t\t\t\t<\/div>\n\t\t\t\t<\/div>\n\t\t<div class=\"elementor-element elementor-element-178f89b e-con-full e-flex e-con e-child\" data-id=\"178f89b\" data-element_type=\"container\">\n\t\t<div class=\"elementor-element elementor-element-ad63c3b e-con-full e-flex e-con e-child\" data-id=\"ad63c3b\" data-element_type=\"container\" data-settings=\"{&quot;background_background&quot;:&quot;classic&quot;}\">\n\t\t<div class=\"elementor-element elementor-element-5922a7c e-con-full cornice e-flex e-con e-child\" data-id=\"5922a7c\" data-element_type=\"container\" data-settings=\"{&quot;background_background&quot;:&quot;classic&quot;}\">\n\t\t\t\t<div class=\"elementor-element elementor-element-3e63a59 elementor-widget elementor-widget-heading\" data-id=\"3e63a59\" data-element_type=\"widget\" data-widget_type=\"heading.default\">\n\t\t\t\t\t<h2 class=\"elementor-heading-title elementor-size-default\">Summer<\/h2>\t\t\t\t<\/div>\n\t\t\t\t<div class=\"elementor-element elementor-element-f96bb13 elementor-align-center elementor-widget elementor-widget-button\" data-id=\"f96bb13\" data-element_type=\"widget\" data-widget_type=\"button.default\">\n\t\t\t\t\t\t\t\t\t\t<a class=\"elementor-button elementor-button-link elementor-size-sm\" href=\"\/en\/estate-inverno\/?season=summer\">\n\t\t\t\t\t\t<span class=\"elementor-button-content-wrapper\">\n\t\t\t\t\t\t\t\t\t<span class=\"elementor-button-text\">Discover more<\/span>\n\t\t\t\t\t<\/span>\n\t\t\t\t\t<\/a>\n\t\t\t\t\t\t\t\t<\/div>\n\t\t\t\t<\/div>\n\t\t\t\t<\/div>\n\t\t\t\t<\/div>\n\t\t\t\t<\/div>\n\t\t\t\t<\/div>","protected":false},"excerpt":{"rendered":"<p>Iscriviti a Hg traveller Richiedi Preventivo Prenota ora La Caminatha Experience Inverno Scopri di pi\u00f9 Estate Scopri di pi\u00f9 Inverno Scopri di pi\u00f9 Estate Scopri di pi\u00f9<\/p>","protected":false},"author":1,"featured_media":0,"parent":0,"menu_order":0,"comment_status":"closed","ping_status":"closed","template":"elementor_canvas","meta":{"footnotes":""},"class_list":["post-2","page","type-page","status-publish","hentry"],"_links":{"self":[{"href":"https:\/\/valgranda.italianhotelgroup.it\/en\/wp-json\/wp\/v2\/pages\/2","targetHints":{"allow":["GET"]}}],"collection":[{"href":"https:\/\/valgranda.italianhotelgroup.it\/en\/wp-json\/wp\/v2\/pages"}],"about":[{"href":"https:\/\/valgranda.italianhotelgroup.it\/en\/wp-json\/wp\/v2\/types\/page"}],"author":[{"embeddable":true,"href":"https:\/\/valgranda.italianhotelgroup.it\/en\/wp-json\/wp\/v2\/users\/1"}],"replies":[{"embeddable":true,"href":"https:\/\/valgranda.italianhotelgroup.it\/en\/wp-json\/wp\/v2\/comments?post=2"}],"version-history":[{"count":1511,"href":"https:\/\/valgranda.italianhotelgroup.it\/en\/wp-json\/wp\/v2\/pages\/2\/revisions"}],"predecessor-version":[{"id":4745,"href":"https:\/\/valgranda.italianhotelgroup.it\/en\/wp-json\/wp\/v2\/pages\/2\/revisions\/4745"}],"wp:attachment":[{"href":"https:\/\/valgranda.italianhotelgroup.it\/en\/wp-json\/wp\/v2\/media?parent=2"}],"curies":[{"name":"wp","href":"https:\/\/api.w.org\/{rel}","templated":true}]}}